{"id":114,"date":"2024-05-06T14:58:02","date_gmt":"2024-05-06T14:58:02","guid":{"rendered":"https:\/\/spanishplace.wpengine.com\/?page_id=114"},"modified":"2024-12-03T17:13:07","modified_gmt":"2024-12-03T17:13:07","slug":"beginner-plus","status":"publish","type":"page","link":"https:\/\/speakingofcultures.com\/?page_id=114","title":{"rendered":"Beginner Plus"},"content":{"rendered":"\n<h2 class=\"wp-block-heading\">Campus Sur: Unidad 0<\/h2>\n\n\n\n<figure class=\"wp-block-table is-style-regular\" style=\"font-size:14px\"><table><tbody><tr><td><strong>Theme\/Grammatical Concept<\/strong><\/td><td class=\"has-text-align-center\" data-align=\"center\"><strong>Comprehensive Activity<\/strong><\/td><td class=\"has-text-align-center\" data-align=\"center\"><strong>Vocabulary Practice<\/strong><\/td><td class=\"has-text-align-center\" data-align=\"center\"><strong>Other Practice during class<\/strong><\/td><td class=\"has-text-align-center\" data-align=\"center\"><strong>Practice at Home<\/strong><\/td><\/tr><tr><td>Review Abecedario &amp; los n\u00fameros<\/td><td class=\"has-text-align-center\" data-align=\"center\"><a href=\"http:\/\/spanishplace.wpengine.com\/wp-content\/uploads\/2024\/05\/C19.pdf\" target=\"_blank\" rel=\"noreferrer noopener\">C19<\/a><\/td><td class=\"has-text-align-center\" data-align=\"center\"><\/td><td class=\"has-text-align-center\" data-align=\"center\"><\/td><td class=\"has-text-align-center\" data-align=\"center\"><\/td><\/tr><tr><td>Art\u00edculos definidos (<strong>el, la, los, las<\/strong>) e indefinidos (<strong>un, una, unos, unas<\/strong>)<\/td><td class=\"has-text-align-center\" data-align=\"center\"><a href=\"https:\/\/speakingofcultures.com\/wp-content\/uploads\/2024\/12\/C20-for-Campus-Sur.docx\" target=\"_blank\" rel=\"noreferrer noopener\">C20<\/a><\/td><td class=\"has-text-align-center\" data-align=\"center\"><\/td><td class=\"has-text-align-center\" data-align=\"center\"><a href=\"https:\/\/speakingofcultures.com\/wp-content\/uploads\/2024\/12\/W81.pdf\" target=\"_blank\" rel=\"noreferrer noopener\">W81<\/a><\/td><td class=\"has-text-align-center\" data-align=\"center\"><\/td><\/tr><tr><td>El verbo <strong>gustar<\/strong> (me gusta y me gustar\u00eda)<\/td><td class=\"has-text-align-center\" data-align=\"center\"><a href=\"https:\/\/speakingofcultures.com\/wp-content\/uploads\/2024\/12\/C20-for-Campus-Sur.docx\" target=\"_blank\" rel=\"noreferrer noopener\">C20<\/a><\/td><td class=\"has-text-align-center\" data-align=\"center\"><\/td><td class=\"has-text-align-center\" data-align=\"center\"><a href=\"https:\/\/speakingofcultures.com\/wp-content\/uploads\/2024\/12\/S36.docx\" target=\"_blank\" rel=\"noreferrer noopener\">S36<\/a><\/td><td class=\"has-text-align-center\" data-align=\"center\"><a href=\"https:\/\/speakingofcultures.com\/wp-content\/uploads\/2024\/05\/R11.pdf\" target=\"_blank\" rel=\"noreferrer noopener\">R11<\/a><\/td><\/tr><tr><td>Los verbos <strong>ser<\/strong> y <strong>llamarse<\/strong> (me llamo)<\/td><td class=\"has-text-align-center\" data-align=\"center\"><a href=\"http:\/\/spanishplace.wpengine.com\/wp-content\/uploads\/2024\/05\/C20.pdf\" target=\"_blank\" rel=\"noreferrer noopener\">C20<\/a><\/td><td class=\"has-text-align-center\" data-align=\"center\"><\/td><td class=\"has-text-align-center\" data-align=\"center\"><\/td><td class=\"has-text-align-center\" data-align=\"center\"><a href=\"https:\/\/speakingofcultures.com\/wp-content\/uploads\/2024\/05\/W28.pdf\" target=\"_blank\" rel=\"noreferrer noopener\">W28<\/a><\/td><\/tr><tr><td>Nacionalidades<\/td><td class=\"has-text-align-center\" data-align=\"center\"><\/td><td class=\"has-text-align-center\" data-align=\"center\"><\/td><td class=\"has-text-align-center\" data-align=\"center\"><\/td><td class=\"has-text-align-center\" data-align=\"center\"><a href=\"https:\/\/speakingofcultures.com\/wp-content\/uploads\/2024\/05\/W28.pdf\" target=\"_blank\" rel=\"noreferrer noopener\">W28<\/a><\/td><\/tr><\/tbody><\/table><\/figure>\n\n\n\n<h2 class=\"wp-block-heading\">Campus Sur: Unidad 1<\/h2>\n\n\n\n<figure class=\"wp-block-table is-style-regular\" style=\"font-size:14px\"><table><tbody><tr><td><strong>Theme\/Grammatical Concept<\/strong><\/td><td class=\"has-text-align-center\" data-align=\"center\"><strong>Comprehensive Activity<\/strong><\/td><td class=\"has-text-align-center\" data-align=\"center\"><strong>Vocabulary Practice<\/strong><\/td><td class=\"has-text-align-center\" data-align=\"center\"><strong>Other Practice during class<\/strong><\/td><td class=\"has-text-align-center\" data-align=\"center\"><strong>Practice at Home<\/strong><\/td><\/tr><tr><td>Los verbos regulares e irregulares en presente<\/td><td class=\"has-text-align-center\" data-align=\"center\">Repeat <a href=\"https:\/\/speakingofcultures.com\/wp-content\/uploads\/2024\/05\/C4.pdf\" target=\"_blank\" rel=\"noreferrer noopener\">C4 <\/a>with verbs from this unit<\/td><td class=\"has-text-align-center\" data-align=\"center\"><\/td><td class=\"has-text-align-center\" data-align=\"center\"><\/td><td class=\"has-text-align-center\" data-align=\"center\"><\/td><\/tr><tr><td>G\u00e9nero y numero del sustantivo y del adjetivo<\/td><td class=\"has-text-align-center\" data-align=\"center\"><\/td><td class=\"has-text-align-center\" data-align=\"center\"><\/td><td class=\"has-text-align-center\" data-align=\"center\"><a href=\"https:\/\/speakingofcultures.com\/wp-content\/uploads\/2024\/05\/W28.pdf\" target=\"_blank\" rel=\"noreferrer noopener\">W28<\/a><\/td><td class=\"has-text-align-center\" data-align=\"center\"><\/td><\/tr><tr><td>Conectores: <strong>Y(e), pero, por eso, tambi\u00e9n.<\/strong><\/td><td class=\"has-text-align-center\" data-align=\"center\"><\/td><td class=\"has-text-align-center\" data-align=\"center\"><\/td><td class=\"has-text-align-center\" data-align=\"center\"><\/td><td class=\"has-text-align-center\" data-align=\"center\"><a href=\"https:\/\/speakingofcultures.com\/wp-content\/uploads\/2024\/12\/W83.docx\" target=\"_blank\" rel=\"noreferrer noopener\">W83<\/a><\/td><\/tr><\/tbody><\/table><\/figure>\n\n\n\n<h2 class=\"wp-block-heading has-small-font-size\">Ejercicios &#8211; Campus Sur<\/h2>\n\n\n\n<p><a href=\"http:\/\/spanishplace.wpengine.com\/wp-content\/uploads\/2024\/05\/Campus-Sur-Ejercicios-Unidad-1.pdf\" target=\"_blank\" rel=\"noreferrer noopener\">Ejercicios Campus Sur &#8211; Unidad 1<\/a><\/p>\n\n\n\n<h2 class=\"wp-block-heading has-small-font-size\">Cuaderno de ejercicios &#8211; Via R\u00e1pida<\/h2>\n\n\n\n<p><a href=\"http:\/\/spanishplace.wpengine.com\/wp-content\/uploads\/2024\/05\/Ejercicios-Unidad-1.pdf\" target=\"_blank\" rel=\"noreferrer noopener\">Ejercicios &#8211; Unidad 1<\/a><\/p>\n\n\n\n<h2 class=\"wp-block-heading\">Campus Sur: Unidad 2<\/h2>\n\n\n\n<div class=\"wp-block-columns is-layout-flex wp-container-core-columns-is-layout-9d6595d7 wp-block-columns-is-layout-flex\">\n<div class=\"wp-block-column is-layout-flow wp-block-column-is-layout-flow\" style=\"flex-basis:100%\">\n<figure class=\"wp-block-table is-style-regular\" style=\"font-size:14px\"><table><tbody><tr><td><strong>Theme\/Grammatical Concept<\/strong><\/td><td class=\"has-text-align-center\" data-align=\"center\"><strong>Comprehensive Activity<\/strong><\/td><td class=\"has-text-align-center\" data-align=\"center\"><strong>Vocabulary Practice<\/strong><\/td><td class=\"has-text-align-center\" data-align=\"center\"><strong>Other Practice during class<\/strong><\/td><td class=\"has-text-align-center\" data-align=\"center\"><strong>Practice at Home<\/strong><\/td><\/tr><tr><td>Verbos con diptongo en <strong>ie: Entender, querer<\/strong><\/td><td class=\"has-text-align-center\" data-align=\"center\"><\/td><td class=\"has-text-align-center\" data-align=\"center\">Repeat <a href=\"https:\/\/speakingofcultures.com\/wp-content\/uploads\/2024\/05\/S3.pdf\" target=\"_blank\" rel=\"noreferrer noopener\">S3<\/a> and <a href=\"https:\/\/speakingofcultures.com\/wp-content\/uploads\/2024\/05\/S4.pdf\" target=\"_blank\" rel=\"noreferrer noopener\">S4<\/a> with verbs from this unit<\/td><td class=\"has-text-align-center\" data-align=\"center\"><\/td><td class=\"has-text-align-center\" data-align=\"center\"><a href=\"https:\/\/speakingofcultures.com\/wp-content\/uploads\/2024\/12\/W84.docx\" target=\"_blank\" rel=\"noreferrer noopener\">W84<\/a><\/td><\/tr><tr><td>Verbos irregulares en la primera persona: <strong>Saber, Hacer, Conocer<\/strong><\/td><td class=\"has-text-align-center\" data-align=\"center\"><\/td><td class=\"has-text-align-center\" data-align=\"center\">Repeat <a href=\"https:\/\/speakingofcultures.com\/wp-content\/uploads\/2024\/05\/S3.pdf\" target=\"_blank\" rel=\"noreferrer noopener\">S3<\/a> and <a href=\"https:\/\/speakingofcultures.com\/wp-content\/uploads\/2024\/05\/S4.pdf\" target=\"_blank\" rel=\"noreferrer noopener\">S4<\/a> with verbs from this unit<\/td><td class=\"has-text-align-center\" data-align=\"center\"><\/td><td class=\"has-text-align-center\" data-align=\"center\"><\/td><\/tr><tr><td>Posesivos y la familia<\/td><td class=\"has-text-align-center\" data-align=\"center\"><a href=\"https:\/\/speakingofcultures.com\/wp-content\/uploads\/2024\/05\/C22.pdf\" target=\"_blank\" rel=\"noreferrer noopener\">C22<\/a><\/td><td class=\"has-text-align-center\" data-align=\"center\"><\/td><td class=\"has-text-align-center\" data-align=\"center\"><\/td><td class=\"has-text-align-center\" data-align=\"center\"><\/td><\/tr><tr><td>Querer + infinitivo<\/td><td class=\"has-text-align-center\" data-align=\"center\"><\/td><td class=\"has-text-align-center\" data-align=\"center\"><\/td><td class=\"has-text-align-center\" data-align=\"center\"><a href=\"https:\/\/speakingofcultures.com\/wp-content\/uploads\/2024\/12\/S37.docx\" target=\"_blank\" rel=\"noreferrer noopener\">S37<\/a><\/td><td class=\"has-text-align-center\" data-align=\"center\"><\/td><\/tr><tr><td>Oraciones causales y finales: <strong>porque, para y por.<\/strong><\/td><td class=\"has-text-align-center\" data-align=\"center\"><\/td><td class=\"has-text-align-center\" data-align=\"center\"><\/td><td class=\"has-text-align-center\" data-align=\"center\"><\/td><td class=\"has-text-align-center\" data-align=\"center\"><a href=\"https:\/\/speakingofcultures.com\/wp-content\/uploads\/2024\/12\/W85.doc\" target=\"_blank\" rel=\"noreferrer noopener\">W85<\/a><\/td><\/tr><\/tbody><\/table><\/figure>\n\n\n\n<h2 class=\"wp-block-heading has-small-font-size\">Ejercicios &#8211; Campus Sur<\/h2>\n\n\n\n<p><a href=\"http:\/\/spanishplace.wpengine.com\/wp-content\/uploads\/2024\/05\/Campus-Sur-Ejercicios-Unidad-2.pdf\" target=\"_blank\" rel=\"noreferrer noopener\">Ejercicios Campus Sur &#8211; Unidad 2<\/a><\/p>\n\n\n\n<h2 class=\"wp-block-heading has-small-font-size\">Cuaderno de ejercicios &#8211; V\u00eda R\u00e1pida<\/h2>\n\n\n\n<p><a href=\"http:\/\/spanishplace.wpengine.com\/wp-content\/uploads\/2024\/05\/Ejercicios-Unidad-2-p17-21.pdf\" target=\"_blank\" rel=\"noreferrer noopener\">Ejercicios &#8211; Unidad 2<\/a><\/p>\n\n\n\n<h4 class=\"wp-block-heading\">Campus Sur: Unidad 3<\/h4>\n\n\n\n<figure class=\"wp-block-table is-style-regular\" style=\"font-size:14px\"><table><tbody><tr><td><strong>Theme\/Grammatical Concept<\/strong><\/td><td class=\"has-text-align-center\" data-align=\"center\"><strong>Comprehensive Activity<\/strong><\/td><td class=\"has-text-align-center\" data-align=\"center\"><strong>Vocabulary Practice<\/strong><\/td><td class=\"has-text-align-center\" data-align=\"center\"><strong>Other Practice during class<\/strong><\/td><td class=\"has-text-align-center\" data-align=\"center\"><strong>Practice at Home<\/strong><\/td><\/tr><tr><td>Presente verbos irregulares (<strong>ie y ue)<\/strong><\/td><td class=\"has-text-align-center\" data-align=\"center\"><a href=\"https:\/\/speakingofcultures.com\/wp-content\/uploads\/2024\/12\/C6-Verbos-regulares-e-irregulares.docx\" target=\"_blank\" rel=\"noreferrer noopener\">C6<\/a><\/td><td class=\"has-text-align-center\" data-align=\"center\"><\/td><td class=\"has-text-align-center\" data-align=\"center\"><\/td><td class=\"has-text-align-center\" data-align=\"center\"><\/td><\/tr><tr><td>Verbos reflexivos (levantarse, ducharse, acostarse.)<\/td><td class=\"has-text-align-center\" data-align=\"center\"><a href=\"https:\/\/speakingofcultures.com\/wp-content\/uploads\/2024\/12\/C6-Verbos-regulares-e-irregulares.docx\" target=\"_blank\" rel=\"noreferrer noopener\">C6<\/a><\/td><td class=\"has-text-align-center\" data-align=\"center\"><\/td><td class=\"has-text-align-center\" data-align=\"center\"><\/td><td class=\"has-text-align-center\" data-align=\"center\"><\/td><\/tr><tr><td>Los verbos: <strong>Gusta<\/strong>r, <strong>Encantar<\/strong> e <strong>interesar<\/strong><\/td><td class=\"has-text-align-center\" data-align=\"center\"><\/td><td class=\"has-text-align-center\" data-align=\"center\"><\/td><td class=\"has-text-align-center\" data-align=\"center\"><\/td><td class=\"has-text-align-center\" data-align=\"center\"><a href=\"https:\/\/speakingofcultures.com\/wp-content\/uploads\/2024\/05\/W29.pdf\" target=\"_blank\" rel=\"noreferrer noopener\">W29<\/a><\/td><\/tr><tr><td>Cuantificadores: <strong>poco, mucho, suficiente, demasiado.<\/strong><\/td><td class=\"has-text-align-center\" data-align=\"center\"><\/td><td class=\"has-text-align-center\" data-align=\"center\"><\/td><td class=\"has-text-align-center\" data-align=\"center\"><a href=\"https:\/\/speakingofcultures.com\/wp-content\/uploads\/2024\/05\/S13.pdf\" target=\"_blank\" rel=\"noreferrer noopener\">S13<\/a><\/td><td class=\"has-text-align-center\" data-align=\"center\"><\/td><\/tr><tr><td>Preposiciones <strong>de\u2026a \/ desde&#8230; hasta<\/strong><\/td><td class=\"has-text-align-center\" data-align=\"center\"><\/td><td class=\"has-text-align-center\" data-align=\"center\"><\/td><td class=\"has-text-align-center\" data-align=\"center\"><\/td><td class=\"has-text-align-center\" data-align=\"center\"><\/td><\/tr><\/tbody><\/table><\/figure>\n\n\n\n<h2 class=\"wp-block-heading has-small-font-size\">Ejercicios &#8211; Campus Sur<\/h2>\n\n\n\n<p><a href=\"http:\/\/spanishplace.wpengine.com\/wp-content\/uploads\/2024\/05\/Campus-Sur-Ejercicios-Unidad-3.pdf\" target=\"_blank\" rel=\"noreferrer noopener\">Ejercicios Campus Sur &#8211; Unidad 3<\/a><\/p>\n\n\n\n<h2 class=\"wp-block-heading has-small-font-size\">Cuaderno de ejercicios &#8211; V\u00eda R\u00e1pida<\/h2>\n\n\n\n<p><a href=\"http:\/\/spanishplace.wpengine.com\/wp-content\/uploads\/2024\/05\/Ejercicios-Unidad-3.pdf\" target=\"_blank\" rel=\"noreferrer noopener\">Ejercicios &#8211; Unidad 3<\/a><\/p>\n\n\n\n<h4 class=\"wp-block-heading\">Campus Sur: Unidad 4<\/h4>\n\n\n\n<figure class=\"wp-block-table is-style-regular\" style=\"font-size:14px\"><table><tbody><tr><td><strong>Theme\/Grammatical Concept<\/strong><\/td><td class=\"has-text-align-center\" data-align=\"center\"><strong>Comprehensive Activity<\/strong><\/td><td class=\"has-text-align-center\" data-align=\"center\"><strong>Vocabulary Practice<\/strong><\/td><td class=\"has-text-align-center\" data-align=\"center\"><strong>Other Practice during class<\/strong><\/td><td class=\"has-text-align-center\" data-align=\"center\"><strong>Practice at Home<\/strong><\/td><\/tr><tr><td><strong>Ser, estar, haber<\/strong><\/td><td class=\"has-text-align-center\" data-align=\"center\"><a href=\"https:\/\/speakingofcultures.com\/wp-content\/uploads\/2024\/05\/C24.pdf\" target=\"_blank\" rel=\"noreferrer noopener\">C24<\/a><\/td><td class=\"has-text-align-center\" data-align=\"center\"><\/td><td class=\"has-text-align-center\" data-align=\"center\"><a href=\"https:\/\/speakingofcultures.com\/wp-content\/uploads\/2024\/05\/R12.pdf\" target=\"_blank\" rel=\"noreferrer noopener\">R12<\/a><\/td><td class=\"has-text-align-center\" data-align=\"center\"><a href=\"https:\/\/speakingofcultures.com\/wp-content\/uploads\/2024\/05\/W30.pdf\" target=\"_blank\" rel=\"noreferrer noopener\">W30<\/a><br><a href=\"https:\/\/speakingofcultures.com\/wp-content\/uploads\/2024\/05\/W31.pdf\" target=\"_blank\" rel=\"noreferrer noopener\">W31<\/a><\/td><\/tr><tr><td>Preguntas interrogativas: <strong>cual, cuales, que, quien, quienes<\/strong><\/td><td class=\"has-text-align-center\" data-align=\"center\"><a href=\"https:\/\/speakingofcultures.com\/wp-content\/uploads\/2024\/05\/C24.pdf\" target=\"_blank\" rel=\"noreferrer noopener\">C24<\/a><\/td><td class=\"has-text-align-center\" data-align=\"center\"><\/td><td class=\"has-text-align-center\" data-align=\"center\"><\/td><td class=\"has-text-align-center\" data-align=\"center\"><\/td><\/tr><tr><td>Las comparaciones (m\u00e1s\/menos,<br>Tan+ adjetivo +que, etc.)<\/td><td class=\"has-text-align-center\" data-align=\"center\"><a href=\"https:\/\/speakingofcultures.com\/wp-content\/uploads\/2024\/05\/C24.pdf\" target=\"_blank\" rel=\"noreferrer noopener\">C24<\/a><\/td><td class=\"has-text-align-center\" data-align=\"center\"><\/td><td class=\"has-text-align-center\" data-align=\"center\"><a href=\"https:\/\/speakingofcultures.com\/wp-content\/uploads\/2024\/05\/W34-1.pdf\" target=\"_blank\" rel=\"noreferrer noopener\">W34<\/a><br><a href=\"https:\/\/speakingofcultures.com\/wp-content\/uploads\/2024\/05\/W37.pdf\" target=\"_blank\" rel=\"noreferrer noopener\">W37<\/a><\/td><td class=\"has-text-align-center\" data-align=\"center\"><a href=\"https:\/\/speakingofcultures.com\/wp-content\/uploads\/2024\/05\/L8-1.pdf\" target=\"_blank\" rel=\"noreferrer noopener\">L8<\/a><\/td><\/tr><tr><td><strong>Preposiciones de localizaci\u00f3n<\/strong><\/td><td class=\"has-text-align-center\" data-align=\"center\"><a href=\"https:\/\/speakingofcultures.com\/wp-content\/uploads\/2024\/05\/C24.pdf\" target=\"_blank\" rel=\"noreferrer noopener\">C24<\/a><\/td><td class=\"has-text-align-center\" data-align=\"center\"><\/td><td class=\"has-text-align-center\" data-align=\"center\"><\/td><td class=\"has-text-align-center\" data-align=\"center\"><\/td><\/tr><\/tbody><\/table><\/figure>\n\n\n\n<h2 class=\"wp-block-heading has-small-font-size\">Ejercicios &#8211; Campus Sur<\/h2>\n\n\n\n<p><a href=\"http:\/\/spanishplace.wpengine.com\/wp-content\/uploads\/2024\/05\/Campus-Sur-Ejercicios-Unidad-4.pdf\" target=\"_blank\" rel=\"noreferrer noopener\">Ejercicios Campus Sur &#8211; Unidad 4<\/a><\/p>\n\n\n\n<h2 class=\"wp-block-heading has-small-font-size\">Cuaderno de ejercicios &#8211; V\u00eda R\u00e1pida<\/h2>\n\n\n\n<p><a href=\"http:\/\/spanishplace.wpengine.com\/wp-content\/uploads\/2024\/05\/Ejercicios-Unidad-4.pdf\" target=\"_blank\" rel=\"noreferrer noopener\">Ejercicios &#8211; Unidad 4<\/a><\/p>\n<\/div>\n<\/div>\n","protected":false},"excerpt":{"rendered":"<p>Campus Sur: Unidad 0 Theme\/Grammatical Concept Comprehensive Activity Vocabulary Practice Other Practice during class Practice at Home Review Abecedario &amp; los n\u00fameros C19 Art\u00edculos definidos (el, la, los, las) e indefinidos (un, una, unos, unas) C20 W81 El verbo gustar (me gusta y me gustar\u00eda) C20 S36 R11 Los verbos ser y llamarse (me llamo) [&hellip;]<\/p>\n","protected":false},"author":2,"featured_media":0,"parent":0,"menu_order":0,"comment_status":"closed","ping_status":"closed","template":"","meta":{"footnotes":""},"class_list":["post-114","page","type-page","status-publish","hentry"],"_links":{"self":[{"href":"https:\/\/speakingofcultures.com\/index.php?rest_route=\/wp\/v2\/pages\/114","targetHints":{"allow":["GET"]}}],"collection":[{"href":"https:\/\/speakingofcultures.com\/index.php?rest_route=\/wp\/v2\/pages"}],"about":[{"href":"https:\/\/speakingofcultures.com\/index.php?rest_route=\/wp\/v2\/types\/page"}],"author":[{"embeddable":true,"href":"https:\/\/speakingofcultures.com\/index.php?rest_route=\/wp\/v2\/users\/2"}],"replies":[{"embeddable":true,"href":"https:\/\/speakingofcultures.com\/index.php?rest_route=%2Fwp%2Fv2%2Fcomments&post=114"}],"version-history":[{"count":0,"href":"https:\/\/speakingofcultures.com\/index.php?rest_route=\/wp\/v2\/pages\/114\/revisions"}],"wp:attachment":[{"href":"https:\/\/speakingofcultures.com\/index.php?rest_route=%2Fwp%2Fv2%2Fmedia&parent=114"}],"curies":[{"name":"wp","href":"https:\/\/api.w.org\/{rel}","templated":true}]}}