{"id":253,"date":"2024-05-22T16:13:37","date_gmt":"2024-05-22T16:13:37","guid":{"rendered":"https:\/\/spanishplace.wpengine.com\/?page_id=253"},"modified":"2024-05-28T11:54:45","modified_gmt":"2024-05-28T11:54:45","slug":"core-plus","status":"publish","type":"page","link":"https:\/\/speakingofcultures.com\/?page_id=253","title":{"rendered":"Core Plus"},"content":{"rendered":"\n<h2 class=\"wp-block-heading\">Via R\u00e1pida &#8211; Unidad 5<\/h2>\n\n\n\n<figure class=\"wp-block-table is-style-regular\" style=\"font-size:14px\"><table><tbody><tr><td><strong>Theme\/Grammatical Concept<\/strong><\/td><td class=\"has-text-align-center\" data-align=\"center\"><strong>Comprehensive Activity<\/strong><\/td><td class=\"has-text-align-center\" data-align=\"center\"><strong>Vocabulary Practice<\/strong><\/td><td class=\"has-text-align-center\" data-align=\"center\"><strong>Other Practice during class<\/strong><\/td><td><strong>Practice at Home<\/strong><\/td><\/tr><tr><td>Vocabulario: casa, muebles, descripciones, y situaci\u00f3n<\/td><td class=\"has-text-align-center\" data-align=\"center\"><a href=\"http:\/\/spanishplace.wpengine.com\/wp-content\/uploads\/2024\/05\/C41.pdf\" target=\"_blank\" rel=\"noreferrer noopener\">C41<\/a><\/td><td class=\"has-text-align-center\" data-align=\"center\"><\/td><td class=\"has-text-align-center\" data-align=\"center\"><\/td><td><\/td><\/tr><tr><td>Imperativo Afirmativo<\/td><td class=\"has-text-align-center\" data-align=\"center\"><\/td><td class=\"has-text-align-center\" data-align=\"center\"><\/td><td class=\"has-text-align-center\" data-align=\"center\"><a href=\"http:\/\/spanishplace.wpengine.com\/wp-content\/uploads\/2024\/05\/L13.pdf\" target=\"_blank\" rel=\"noreferrer noopener\">L13<\/a><\/td><td><\/td><\/tr><tr><td>Orden el d\u00eda: secuencia, situar una acci\u00f3n<\/td><td class=\"has-text-align-center\" data-align=\"center\"><a href=\"http:\/\/spanishplace.wpengine.com\/wp-content\/uploads\/2024\/05\/C42.pdf\" target=\"_blank\" rel=\"noreferrer noopener\">C42<\/a><\/td><td class=\"has-text-align-center\" data-align=\"center\"><\/td><td class=\"has-text-align-center\" data-align=\"center\"><\/td><td><\/td><\/tr><tr><td>El pret\u00e9rito Perfecto<\/td><td class=\"has-text-align-center\" data-align=\"center\"><\/td><td class=\"has-text-align-center\" data-align=\"center\"><\/td><td class=\"has-text-align-center\" data-align=\"center\"><a href=\"http:\/\/spanishplace.wpengine.com\/wp-content\/uploads\/2024\/05\/W52.pdf\" target=\"_blank\" rel=\"noreferrer noopener\">W52<\/a><\/td><td><a href=\"http:\/\/spanishplace.wpengine.com\/wp-content\/uploads\/2024\/05\/W53.pdf\">W53<\/a><\/td><\/tr><\/tbody><\/table><\/figure>\n\n\n\n<div style=\"height:30px\" aria-hidden=\"true\" class=\"wp-block-spacer\"><\/div>\n\n\n\n<h2 class=\"wp-block-heading\">Via R\u00e1pida &#8211; Unidad 6<\/h2>\n\n\n\n<figure class=\"wp-block-table is-style-regular\" style=\"font-size:14px\"><table><tbody><tr><td><strong>Theme\/Grammatical Concept<\/strong><\/td><td class=\"has-text-align-center\" data-align=\"center\"><strong>Comprehensive Activity<\/strong><\/td><td class=\"has-text-align-center\" data-align=\"center\"><strong>Vocabulary Practice<\/strong><\/td><td class=\"has-text-align-center\" data-align=\"center\"><strong>Other Practice during class<\/strong><\/td><td class=\"has-text-align-center\" data-align=\"center\"><strong>Practice at Home<\/strong><\/td><\/tr><tr><td>Pret\u00e9rito indefinido v. Pret\u00e9rito Perfecto<\/td><td class=\"has-text-align-center\" data-align=\"center\"><a href=\"http:\/\/spanishplace.wpengine.com\/wp-content\/uploads\/2024\/05\/C43.pdf\" target=\"_blank\" rel=\"noreferrer noopener\">C43<\/a><\/td><td class=\"has-text-align-center\" data-align=\"center\"><\/td><td class=\"has-text-align-center\" data-align=\"center\"><\/td><td class=\"has-text-align-center\" data-align=\"center\"><\/td><\/tr><tr><td>Imperativo Negativo<\/td><td class=\"has-text-align-center\" data-align=\"center\"><\/td><td class=\"has-text-align-center\" data-align=\"center\"><\/td><td class=\"has-text-align-center\" data-align=\"center\"><a href=\"http:\/\/spanishplace.wpengine.com\/wp-content\/uploads\/2024\/05\/W54.pdf\" target=\"_blank\" rel=\"noreferrer noopener\">W54<\/a><\/td><td class=\"has-text-align-center\" data-align=\"center\"><\/td><\/tr><tr><td>Ser y estar: descripciones y adjetivos<\/td><td class=\"has-text-align-center\" data-align=\"center\"><\/td><td class=\"has-text-align-center\" data-align=\"center\"><\/td><td class=\"has-text-align-center\" data-align=\"center\"><a href=\"http:\/\/spanishplace.wpengine.com\/wp-content\/uploads\/2024\/05\/R17.pdf\" target=\"_blank\" rel=\"noreferrer noopener\">R17<\/a><\/td><td class=\"has-text-align-center\" data-align=\"center\"><\/td><\/tr><tr><td>Pronombres indefinidos<\/td><td class=\"has-text-align-center\" data-align=\"center\"><\/td><td class=\"has-text-align-center\" data-align=\"center\"><\/td><td class=\"has-text-align-center\" data-align=\"center\"><\/td><td class=\"has-text-align-center\" data-align=\"center\"><a href=\"http:\/\/spanishplace.wpengine.com\/wp-content\/uploads\/2024\/05\/W55.pdf\" target=\"_blank\" rel=\"noreferrer noopener\">W55<\/a>, <a href=\"http:\/\/spanishplace.wpengine.com\/wp-content\/uploads\/2024\/05\/W56.pdf\" target=\"_blank\" rel=\"noreferrer noopener\">W56<\/a><\/td><\/tr><tr><td>Pret\u00e9rito indefinido<\/td><td class=\"has-text-align-center\" data-align=\"center\"><\/td><td class=\"has-text-align-center\" data-align=\"center\"><\/td><td class=\"has-text-align-center\" data-align=\"center\"><a href=\"http:\/\/spanishplace.wpengine.com\/wp-content\/uploads\/2024\/05\/S27.pdf\" target=\"_blank\" rel=\"noreferrer noopener\">S27<\/a><\/td><td class=\"has-text-align-center\" data-align=\"center\"><\/td><\/tr><tr><td>El se impersonal<\/td><td class=\"has-text-align-center\" data-align=\"center\"><\/td><td class=\"has-text-align-center\" data-align=\"center\"><\/td><td class=\"has-text-align-center\" data-align=\"center\"><\/td><td class=\"has-text-align-center\" data-align=\"center\"><\/td><\/tr><\/tbody><\/table><\/figure>\n\n\n\n<div style=\"height:30px\" aria-hidden=\"true\" class=\"wp-block-spacer\"><\/div>\n\n\n\n<h2 class=\"wp-block-heading\">Via R\u00e1pida &#8211; Unidad 7<\/h2>\n\n\n\n<div class=\"wp-block-columns is-layout-flex wp-container-core-columns-is-layout-9d6595d7 wp-block-columns-is-layout-flex\">\n<div class=\"wp-block-column is-layout-flow wp-block-column-is-layout-flow\" style=\"flex-basis:100%\">\n<figure class=\"wp-block-table is-style-regular\" style=\"font-size:14px\"><table><tbody><tr><td><strong>Theme\/Grammatical Concept<\/strong><\/td><td class=\"has-text-align-center\" data-align=\"center\"><strong>Comprehensive Activity<\/strong><\/td><td class=\"has-text-align-center\" data-align=\"center\"><strong>Vocabulary Practice<\/strong><\/td><td class=\"has-text-align-center\" data-align=\"center\"><strong>Other Practice during class<\/strong><\/td><td class=\"has-text-align-center\" data-align=\"center\"><strong>Practice at Home<\/strong><\/td><\/tr><tr><td>A la mesa: men\u00fa, la carta, sobremesa, propina, etc.<\/td><td class=\"has-text-align-center\" data-align=\"center\"><\/td><td class=\"has-text-align-center\" data-align=\"center\"><a href=\"http:\/\/spanishplace.wpengine.com\/wp-content\/uploads\/2024\/05\/V13.pdf\" target=\"_blank\" rel=\"noreferrer noopener\">V13<\/a><\/td><td class=\"has-text-align-center\" data-align=\"center\"><\/td><td class=\"has-text-align-center\" data-align=\"center\"><\/td><\/tr><tr><td>El imperfecto<\/td><td class=\"has-text-align-center\" data-align=\"center\"><\/td><td class=\"has-text-align-center\" data-align=\"center\"><\/td><td class=\"has-text-align-center\" data-align=\"center\"><\/td><td class=\"has-text-align-center\" data-align=\"center\"><a href=\"http:\/\/spanishplace.wpengine.com\/wp-content\/uploads\/2024\/05\/W57.pdf\" target=\"_blank\" rel=\"noreferrer noopener\">W57<\/a><\/td><\/tr><tr><td>El Subjuntivo para formar deseos<\/td><td class=\"has-text-align-center\" data-align=\"center\"><\/td><td class=\"has-text-align-center\" data-align=\"center\"><\/td><td class=\"has-text-align-center\" data-align=\"center\"><a href=\"http:\/\/spanishplace.wpengine.com\/wp-content\/uploads\/2024\/05\/L14.pdf\" target=\"_blank\" rel=\"noreferrer noopener\">L14<\/a><\/td><td class=\"has-text-align-center\" data-align=\"center\"><\/td><\/tr><tr><td>Gerundio en el pasado<\/td><td class=\"has-text-align-center\" data-align=\"center\"><\/td><td class=\"has-text-align-center\" data-align=\"center\"><\/td><td class=\"has-text-align-center\" data-align=\"center\"><a href=\"http:\/\/spanishplace.wpengine.com\/wp-content\/uploads\/2024\/05\/L15.pdf\" target=\"_blank\" rel=\"noreferrer noopener\">L15<\/a><\/td><td class=\"has-text-align-center\" data-align=\"center\"><\/td><\/tr><tr><td>Superlativo (-isimo\/s\/a\/as) y Prefijos y ant\u00f3nimos<\/td><td class=\"has-text-align-center\" data-align=\"center\"><\/td><td class=\"has-text-align-center\" data-align=\"center\"><\/td><td class=\"has-text-align-center\" data-align=\"center\"><\/td><td class=\"has-text-align-center\" data-align=\"center\"><\/td><\/tr><\/tbody><\/table><\/figure>\n\n\n\n<div style=\"height:30px\" aria-hidden=\"true\" class=\"wp-block-spacer\"><\/div>\n<\/div>\n<\/div>\n\n\n\n<h2 class=\"wp-block-heading\">Via R\u00e1pida &#8211; Unidad 8<\/h2>\n\n\n\n<figure class=\"wp-block-table is-style-regular\" style=\"font-size:14px\"><table><tbody><tr><td><strong>Theme\/Grammatical Concept<\/strong><\/td><td class=\"has-text-align-center\" data-align=\"center\"><strong>Comprehensive Activity<\/strong><\/td><td class=\"has-text-align-center\" data-align=\"center\"><strong>Vocabulary Practice<\/strong><\/td><td class=\"has-text-align-center\" data-align=\"center\"><strong>Other Practice during class<\/strong><\/td><td class=\"has-text-align-center\" data-align=\"center\"><strong>Practice at Home<\/strong><\/td><\/tr><tr><td>Pret\u00e9rito Imperfecto v. Indefinido<\/td><td class=\"has-text-align-center\" data-align=\"center\"><a href=\"https:\/\/speakingofcultures.com\/wp-content\/uploads\/2024\/05\/C44.pdf\" target=\"_blank\" rel=\"noreferrer noopener\">C44<\/a><\/td><td class=\"has-text-align-center\" data-align=\"center\"><\/td><td class=\"has-text-align-center\" data-align=\"center\"><\/td><td class=\"has-text-align-center\" data-align=\"center\"><a href=\"http:\/\/spanishplace.wpengine.com\/wp-content\/uploads\/2024\/05\/R18.pptx\" target=\"_blank\" rel=\"noreferrer noopener\">R18<\/a><\/td><\/tr><tr><td>Marcadores temporales para la duraci\u00f3n<\/td><td class=\"has-text-align-center\" data-align=\"center\"><a href=\"https:\/\/speakingofcultures.com\/wp-content\/uploads\/2024\/05\/C44.pdf\" target=\"_blank\" rel=\"noreferrer noopener\">C44<\/a><\/td><td class=\"has-text-align-center\" data-align=\"center\"><\/td><td class=\"has-text-align-center\" data-align=\"center\"><\/td><td class=\"has-text-align-center\" data-align=\"center\"><\/td><\/tr><tr><td>Preposiciones \u2013 para, en, con, sin, a, de, desde, hasta, y por<\/td><td class=\"has-text-align-center\" data-align=\"center\"><\/td><td class=\"has-text-align-center\" data-align=\"center\"><\/td><td class=\"has-text-align-center\" data-align=\"center\"><\/td><td class=\"has-text-align-center\" data-align=\"center\"><a href=\"http:\/\/spanishplace.wpengine.com\/wp-content\/uploads\/2024\/05\/W58.pdf\" target=\"_blank\" rel=\"noreferrer noopener\">W58<\/a><\/td><\/tr><tr><td>Descripciones \u2013 cara, cabello, ojos, etc.<\/td><td class=\"has-text-align-center\" data-align=\"center\"><\/td><td class=\"has-text-align-center\" data-align=\"center\"><\/td><td class=\"has-text-align-center\" data-align=\"center\"><a href=\"http:\/\/spanishplace.wpengine.com\/wp-content\/uploads\/2024\/05\/R19.pdf\" target=\"_blank\" rel=\"noreferrer noopener\">R19<\/a><\/td><td class=\"has-text-align-center\" data-align=\"center\"><\/td><\/tr><\/tbody><\/table><\/figure>\n","protected":false},"excerpt":{"rendered":"<p>Via R\u00e1pida &#8211; Unidad 5 Theme\/Grammatical Concept Comprehensive Activity Vocabulary Practice Other Practice during class Practice at Home Vocabulario: casa, muebles, descripciones, y situaci\u00f3n C41 Imperativo Afirmativo L13 Orden el d\u00eda: secuencia, situar una acci\u00f3n C42 El pret\u00e9rito Perfecto W52 W53 Via R\u00e1pida &#8211; Unidad 6 Theme\/Grammatical Concept Comprehensive Activity Vocabulary Practice Other Practice during [&hellip;]<\/p>\n","protected":false},"author":2,"featured_media":0,"parent":0,"menu_order":0,"comment_status":"closed","ping_status":"closed","template":"","meta":{"footnotes":""},"class_list":["post-253","page","type-page","status-publish","hentry"],"_links":{"self":[{"href":"https:\/\/speakingofcultures.com\/index.php?rest_route=\/wp\/v2\/pages\/253","targetHints":{"allow":["GET"]}}],"collection":[{"href":"https:\/\/speakingofcultures.com\/index.php?rest_route=\/wp\/v2\/pages"}],"about":[{"href":"https:\/\/speakingofcultures.com\/index.php?rest_route=\/wp\/v2\/types\/page"}],"author":[{"embeddable":true,"href":"https:\/\/speakingofcultures.com\/index.php?rest_route=\/wp\/v2\/users\/2"}],"replies":[{"embeddable":true,"href":"https:\/\/speakingofcultures.com\/index.php?rest_route=%2Fwp%2Fv2%2Fcomments&post=253"}],"version-history":[{"count":0,"href":"https:\/\/speakingofcultures.com\/index.php?rest_route=\/wp\/v2\/pages\/253\/revisions"}],"wp:attachment":[{"href":"https:\/\/speakingofcultures.com\/index.php?rest_route=%2Fwp%2Fv2%2Fmedia&parent=253"}],"curies":[{"name":"wp","href":"https:\/\/api.w.org\/{rel}","templated":true}]}}